{"id":2,"date":"2018-03-23T12:19:57","date_gmt":"2018-03-23T11:19:57","guid":{"rendered":"http:\/\/tischdeko-verleih.de\/\/?page_id=2"},"modified":"2026-01-26T11:23:57","modified_gmt":"2026-01-26T10:23:57","slug":"beispiel-seite","status":"publish","type":"page","link":"https:\/\/tischdeko-verleih.de\/?page_id=2","title":{"rendered":"Impressum"},"content":{"rendered":"<p>\n\n\n<\/p><p>\n\n\n<p>Tischdeko-Verleih.de<br \/>Inhaber: Wolfgang Weinert<\/p>\n<p>Wildberger Str. 69a<br \/>51580 Reichshof-Wildbergerh\u00fctte<br \/>Deutschland<\/p>\n<p>Telefon: 02297 9099380 <br \/>E-Mail: info@tischdeko-verleih.de<\/p>\n<p>Umsatzsteuer-Identifikationsnummer: DE 196465628<\/p>\n<p>Verantwortlich gem\u00e4\u00df \u00a7 55 RStV:<br \/>Wolfgang Weinert<br \/>Wildberger Str. 69a<br \/>51580 Reichshof-Wildbergerh\u00fctte<\/p>\n<p>Zur Teilnahme an einem Streitbeilegungsverfahren vor einer Verbraucherschlichtungsstelle sind wir nicht verpflichtet und nicht bereit.<\/p>\n<p>Zust\u00e4ndige Beh\u00f6rde f\u00fcr audiovisuelle Mediendienste:<br \/>Landesanstalt f\u00fcr Medien NRW<br \/>Zollhof 2<br \/>40221 D\u00fcsseldorf<br \/>Deutschland<\/p>\n<p>Unser Unternehmen ist gem\u00e4\u00df den gesetzlichen Bestimmungen vom Anwendungsbereich der Barrierefreiheitsanforderungen und somit von der Pflicht zur Erstellung und Bereitstellung einer Barrierefreiheitserkl\u00e4rung ausgenommen.<\/p>","protected":false},"excerpt":{"rendered":"<p>Tischdeko-Verleih.deInhaber: Wolfgang Weinert Wildberger Str. 69a51580 Reichshof-Wildbergerh\u00fctteDeutschland Telefon: 02297 9099380 E-Mail: info@tischdeko-verleih.de Umsatzsteuer-Identifikationsnummer: DE 196465628 Verantwortlich gem\u00e4\u00df \u00a7 55 RStV:Wolfgang WeinertWildberger Str. [&hellip;]<\/p>\n","protected":false},"author":1,"featured_media":0,"parent":0,"menu_order":0,"comment_status":"closed","ping_status":"open","template":"","meta":{"footnotes":""},"class_list":["post-2","page","type-page","status-publish","hentry"],"_links":{"self":[{"href":"https:\/\/tischdeko-verleih.de\/index.php?rest_route=\/wp\/v2\/pages\/2","targetHints":{"allow":["GET"]}}],"collection":[{"href":"https:\/\/tischdeko-verleih.de\/index.php?rest_route=\/wp\/v2\/pages"}],"about":[{"href":"https:\/\/tischdeko-verleih.de\/index.php?rest_route=\/wp\/v2\/types\/page"}],"author":[{"embeddable":true,"href":"https:\/\/tischdeko-verleih.de\/index.php?rest_route=\/wp\/v2\/users\/1"}],"replies":[{"embeddable":true,"href":"https:\/\/tischdeko-verleih.de\/index.php?rest_route=%2Fwp%2Fv2%2Fcomments&post=2"}],"version-history":[{"count":4,"href":"https:\/\/tischdeko-verleih.de\/index.php?rest_route=\/wp\/v2\/pages\/2\/revisions"}],"predecessor-version":[{"id":371,"href":"https:\/\/tischdeko-verleih.de\/index.php?rest_route=\/wp\/v2\/pages\/2\/revisions\/371"}],"wp:attachment":[{"href":"https:\/\/tischdeko-verleih.de\/index.php?rest_route=%2Fwp%2Fv2%2Fmedia&parent=2"}],"curies":[{"name":"wp","href":"https:\/\/api.w.org\/{rel}","templated":true}]}}